{"id":122,"date":"2021-08-19T13:16:59","date_gmt":"2021-08-19T13:16:59","guid":{"rendered":"https:\/\/portugalfashion.com\/new-portugalfashion\/?page_id=122"},"modified":"2024-05-13T11:15:35","modified_gmt":"2024-05-13T11:15:35","slug":"sobre-nos","status":"publish","type":"page","link":"https:\/\/portugalfashion.com\/en\/sobre-nos\/","title":{"rendered":"About us"},"content":{"rendered":"<div data-elementor-type=\"wp-page\" data-elementor-id=\"122\" class=\"elementor elementor-122\">\n\t\t\t\t\t\t<section class=\"elementor-section elementor-top-section elementor-element elementor-element-bb12c04 elementor-section-boxed elementor-section-height-default elementor-section-height-default\" data-id=\"bb12c04\" data-element_type=\"section\">\n\t\t\t\t\t\t<div class=\"elementor-container elementor-column-gap-default\">\n\t\t\t\t\t<div class=\"elementor-column elementor-col-50 elementor-top-column elementor-element elementor-element-a84812d\" data-id=\"a84812d\" data-element_type=\"column\">\n\t\t\t<div class=\"elementor-widget-wrap elementor-element-populated\">\n\t\t\t\t\r\n    <style>#elementor-panel-category-pro-elements, #elementor-panel-category-woocommerce-elements, #elementor-panel-category-theme-elements, #elementor-panel-get-pro-elements, .elementor-nerd-box{display: none !important;}<\/style>\r\n    \t\t<div class=\"elementor-element elementor-element-a991c08 font-decor-bold elementor-widget elementor-widget-heading\" data-id=\"a991c08\" data-element_type=\"widget\" data-widget_type=\"heading.default\">\n\t\t\t\t<div class=\"elementor-widget-container\">\n\t\t\t\t\t<h1 class=\"elementor-heading-title elementor-size-default\">ABOUT US<\/h1>\t\t\t\t<\/div>\n\t\t\t\t<\/div>\n\t\t\t\t<div class=\"elementor-element elementor-element-fd83dfb elementor-widget elementor-widget-text-editor\" data-id=\"fd83dfb\" data-element_type=\"widget\" data-widget_type=\"text-editor.default\">\n\t\t\t\t<div class=\"elementor-widget-container\">\n\t\t\t\t\t\t\t\t\t<p class=\"translation-block\">PORTUGAL FASHON's mission is to promote designer fashion nationally and internationally, discovering new talents, creating synergies between designers and industry, and increasingly positioning Portugal as a country of creativity and tradition, design and production.<\/p><p>Assuming itself as a platform, <strong>PORTUGAL FASHION<\/strong> aims to position Portugal as a differentiated \"fashion hub\" at a European and world level, through the organization of a \"fashion week\" with global prominence, and the growing international reputation of Portuguese brands, sustained by the added value of the combination innovation \/ tradition \/ design \/ quality of production.<\/p><p>Created in 1995 by ANJE - National Association of Young Entrepreneurs, <strong>PORTUGAL FASHION<\/strong> has been nurturing a fashion culture in the country and has operated a paradigm shift regarding the national textile and clothing sector, through a concerted strategy to bring together industry and creators. The project works in partnership with the ATP - Portuguese Textile Association, but also with the various sector players of the Portuguese fashion ecosystem.<\/p><p>\u00a0<\/p><p>\u00a0<\/p>\t\t\t\t\t\t\t\t<\/div>\n\t\t\t\t<\/div>\n\t\t\t\t\t<\/div>\n\t\t<\/div>\n\t\t\t\t<div class=\"elementor-column elementor-col-50 elementor-top-column elementor-element elementor-element-9b9cddf\" data-id=\"9b9cddf\" data-element_type=\"column\">\n\t\t\t<div class=\"elementor-widget-wrap elementor-element-populated\">\n\t\t\t\t\t\t<div class=\"elementor-element elementor-element-9aacbf9 elementor-invisible elementor-widget elementor-widget-image\" data-id=\"9aacbf9\" data-element_type=\"widget\" data-settings=\"{&quot;_animation&quot;:&quot;slideInUp&quot;}\" data-widget_type=\"image.default\">\n\t\t\t\t<div class=\"elementor-widget-container\">\n\t\t\t\t\t\t\t\t\t\t\t\t\t\t\t<img fetchpriority=\"high\" decoding=\"async\" width=\"534\" height=\"666\" src=\"https:\/\/portugalfashion.com\/wp-content\/uploads\/2021\/11\/12.png\" class=\"attachment-large size-large wp-image-10941\" alt=\"\" srcset=\"https:\/\/portugalfashion.com\/wp-content\/uploads\/2021\/11\/12.png 534w, https:\/\/portugalfashion.com\/wp-content\/uploads\/2021\/11\/12-241x300.png 241w, https:\/\/portugalfashion.com\/wp-content\/uploads\/2021\/11\/12-10x12.png 10w\" sizes=\"(max-width: 534px) 100vw, 534px\" \/>\t\t\t\t\t\t\t\t\t\t\t\t\t\t\t<\/div>\n\t\t\t\t<\/div>\n\t\t\t\t\t<\/div>\n\t\t<\/div>\n\t\t\t\t\t<\/div>\n\t\t<\/section>\n\t\t\t\t<section class=\"elementor-section elementor-top-section elementor-element elementor-element-d9f534c elementor-section-boxed elementor-section-height-default elementor-section-height-default\" data-id=\"d9f534c\" data-element_type=\"section\">\n\t\t\t\t\t\t<div class=\"elementor-container elementor-column-gap-default\">\n\t\t\t\t\t<div class=\"elementor-column elementor-col-100 elementor-top-column elementor-element elementor-element-82e05b8\" data-id=\"82e05b8\" data-element_type=\"column\">\n\t\t\t<div class=\"elementor-widget-wrap elementor-element-populated\">\n\t\t\t\t\t\t<div class=\"elementor-element elementor-element-e326e5d elementor-widget elementor-widget-text-editor\" data-id=\"e326e5d\" data-element_type=\"widget\" data-widget_type=\"text-editor.default\">\n\t\t\t\t<div class=\"elementor-widget-container\">\n\t\t\t\t\t\t\t\t\t<p>PORTUGAL FASHION has been promoting an international itinerary since 1999, supporting the presence of Portuguese designers in fashion weeks, namely through the organization of fashion shows and happenings in official calendars, but also showrooms and commercial actions.<\/p><p>Paris (where it promotes fashion shows and commercial presences since 2000), Milan and London are the fashion weeks with the largest number of events promoted by <strong>PORTUGAL FASHION<\/strong>, in partnership with local official entities. But the project of internationalization of Portuguese fashion already has more than 200 international events, in cities as varied as New York, Madrid, Barcelona, Istanbul, Vienna or S\u00e3o Paulo.\u00a0<\/p><p>Both in Portugal and abroad, the investment in young creators also stands out as one of the pillars of <strong>PORTUGAL FASHION<\/strong>. In this sense, in October 2010, <strong>PORTUGAL FASHION<\/strong> launched <strong>BLOOM<\/strong>, a platform for young creators, which, besides design contests and permanent scouting actions, promotes fashion shows, presentations, showrooms, pop ups, industrial partnerships and business collaborations, as well as learning and acceleration programs, including internships, mentoring actions, and commercial support.\u00a0\u00a0<\/p>\t\t\t\t\t\t\t\t<\/div>\n\t\t\t\t<\/div>\n\t\t\t\t\t<\/div>\n\t\t<\/div>\n\t\t\t\t\t<\/div>\n\t\t<\/section>\n\t\t\t\t<section class=\"elementor-section elementor-top-section elementor-element elementor-element-aca3761 elementor-section-boxed elementor-section-height-default elementor-section-height-default\" data-id=\"aca3761\" data-element_type=\"section\" data-settings=\"{&quot;background_background&quot;:&quot;classic&quot;}\">\n\t\t\t\t\t\t<div class=\"elementor-container elementor-column-gap-default\">\n\t\t\t\t\t<div class=\"elementor-column elementor-col-33 elementor-top-column elementor-element elementor-element-fef091d\" data-id=\"fef091d\" data-element_type=\"column\">\n\t\t\t<div class=\"elementor-widget-wrap elementor-element-populated\">\n\t\t\t\t\t\t<div class=\"elementor-element elementor-element-d04acd0 elementor-widget__width-initial font-decor-bold elementor-widget elementor-widget-heading\" data-id=\"d04acd0\" data-element_type=\"widget\" data-widget_type=\"heading.default\">\n\t\t\t\t<div class=\"elementor-widget-container\">\n\t\t\t\t\t<h2 class=\"elementor-heading-title elementor-size-default\">eventos &amp;\ndesfiles<\/h2>\t\t\t\t<\/div>\n\t\t\t\t<\/div>\n\t\t\t\t\t<\/div>\n\t\t<\/div>\n\t\t\t\t<div class=\"elementor-column elementor-col-33 elementor-top-column elementor-element elementor-element-32926a3\" data-id=\"32926a3\" data-element_type=\"column\">\n\t\t\t<div class=\"elementor-widget-wrap elementor-element-populated\">\n\t\t\t\t\t\t<div class=\"elementor-element elementor-element-d2aa2e6 font-decor-bold elementor-widget elementor-widget-heading\" data-id=\"d2aa2e6\" data-element_type=\"widget\" data-widget_type=\"heading.default\">\n\t\t\t\t<div class=\"elementor-widget-container\">\n\t\t\t\t\t<h3 class=\"elementor-heading-title elementor-size-default\">portugal fashion FW23<\/h3>\t\t\t\t<\/div>\n\t\t\t\t<\/div>\n\t\t\t\t<div class=\"elementor-element elementor-element-e680740 elementor-widget elementor-widget-heading\" data-id=\"e680740\" data-element_type=\"widget\" data-widget_type=\"heading.default\">\n\t\t\t\t<div class=\"elementor-widget-container\">\n\t\t\t\t\t<div class=\"elementor-heading-title elementor-size-default\">From 14 to 18 march 2023<\/div>\t\t\t\t<\/div>\n\t\t\t\t<\/div>\n\t\t\t\t<div class=\"elementor-element elementor-element-9d259e2 elementor-widget elementor-widget-button\" data-id=\"9d259e2\" data-element_type=\"widget\" data-widget_type=\"button.default\">\n\t\t\t\t<div class=\"elementor-widget-container\">\n\t\t\t\t\t\t\t\t\t<div class=\"elementor-button-wrapper\">\n\t\t\t\t\t<a class=\"elementor-button elementor-button-link elementor-size-sm elementor-animation-grow\" href=\"https:\/\/portugalfashion.com\/en\/edicoes\/portugal-fashion-fw23-24\/\">\n\t\t\t\t\t\t<span class=\"elementor-button-content-wrapper\">\n\t\t\t\t\t\t\t\t\t<span class=\"elementor-button-text\">SEE EVENT<\/span>\n\t\t\t\t\t<\/span>\n\t\t\t\t\t<\/a>\n\t\t\t\t<\/div>\n\t\t\t\t\t\t\t\t<\/div>\n\t\t\t\t<\/div>\n\t\t\t\t\t<\/div>\n\t\t<\/div>\n\t\t\t\t<div class=\"elementor-column elementor-col-33 elementor-top-column elementor-element elementor-element-19d4187\" data-id=\"19d4187\" data-element_type=\"column\">\n\t\t\t<div class=\"elementor-widget-wrap elementor-element-populated\">\n\t\t\t\t\t\t<div class=\"elementor-element elementor-element-22b7469 font-decor-bold elementor-widget elementor-widget-heading\" data-id=\"22b7469\" data-element_type=\"widget\" data-widget_type=\"heading.default\">\n\t\t\t\t<div class=\"elementor-widget-container\">\n\t\t\t\t\t<h3 class=\"elementor-heading-title elementor-size-default\">designers<\/h3>\t\t\t\t<\/div>\n\t\t\t\t<\/div>\n\t\t\t\t<div class=\"elementor-element elementor-element-0e3c54c elementor-widget elementor-widget-heading\" data-id=\"0e3c54c\" data-element_type=\"widget\" data-widget_type=\"heading.default\">\n\t\t\t\t<div class=\"elementor-widget-container\">\n\t\t\t\t\t<div class=\"elementor-heading-title elementor-size-default\">Meet the designers of Portugal Fashion<\/div>\t\t\t\t<\/div>\n\t\t\t\t<\/div>\n\t\t\t\t<div class=\"elementor-element elementor-element-465b290 elementor-widget elementor-widget-button\" data-id=\"465b290\" data-element_type=\"widget\" data-widget_type=\"button.default\">\n\t\t\t\t<div class=\"elementor-widget-container\">\n\t\t\t\t\t\t\t\t\t<div class=\"elementor-button-wrapper\">\n\t\t\t\t\t<a class=\"elementor-button elementor-button-link elementor-size-sm elementor-animation-grow\" href=\"\/en\/designers\/\">\n\t\t\t\t\t\t<span class=\"elementor-button-content-wrapper\">\n\t\t\t\t\t\t\t\t\t<span class=\"elementor-button-text\">VIEW MORE<\/span>\n\t\t\t\t\t<\/span>\n\t\t\t\t\t<\/a>\n\t\t\t\t<\/div>\n\t\t\t\t\t\t\t\t<\/div>\n\t\t\t\t<\/div>\n\t\t\t\t\t<\/div>\n\t\t<\/div>\n\t\t\t\t\t<\/div>\n\t\t<\/section>\n\t\t\t\t<section class=\"elementor-section elementor-top-section elementor-element elementor-element-9191a84 elementor-section-boxed elementor-section-height-default elementor-section-height-default\" data-id=\"9191a84\" data-element_type=\"section\">\n\t\t\t\t\t\t<div class=\"elementor-container elementor-column-gap-default\">\n\t\t\t\t\t<div class=\"elementor-column elementor-col-100 elementor-top-column elementor-element elementor-element-a33d564\" data-id=\"a33d564\" data-element_type=\"column\">\n\t\t\t<div class=\"elementor-widget-wrap elementor-element-populated\">\n\t\t\t\t\t\t<div class=\"elementor-element elementor-element-9431871 font-decor-bold elementor-widget elementor-widget-heading\" data-id=\"9431871\" data-element_type=\"widget\" data-widget_type=\"heading.default\">\n\t\t\t\t<div class=\"elementor-widget-container\">\n\t\t\t\t\t<h2 class=\"elementor-heading-title elementor-size-default\">PLATAFORMA DE COMERCIALIZA\u00c7\u00c3O &amp; INTERNACIONALIZA\u00c7\u00c3O<\/h2>\t\t\t\t<\/div>\n\t\t\t\t<\/div>\n\t\t\t\t<section class=\"elementor-section elementor-inner-section elementor-element elementor-element-deccdab elementor-section-boxed elementor-section-height-default elementor-section-height-default\" data-id=\"deccdab\" data-element_type=\"section\">\n\t\t\t\t\t\t<div class=\"elementor-container elementor-column-gap-default\">\n\t\t\t\t\t<div class=\"elementor-column elementor-col-33 elementor-inner-column elementor-element elementor-element-902b108\" data-id=\"902b108\" data-element_type=\"column\">\n\t\t\t<div class=\"elementor-widget-wrap elementor-element-populated\">\n\t\t\t\t\t\t<div class=\"elementor-element elementor-element-a15181e elementor-widget elementor-widget-text-editor\" data-id=\"a15181e\" data-element_type=\"widget\" data-widget_type=\"text-editor.default\">\n\t\t\t\t<div class=\"elementor-widget-container\">\n\t\t\t\t\t\t\t\t\t<h6><span style=\"text-decoration: underline;\"><strong>FASHION WEEK IN PORTO - NATIONAL EDITIONS <\/strong><\/span><\/h6><p>_In March with the Fall \/ Winter collections and in October with the Spring \/ Summer collections<\/p><p>_5 days of an international calendar with around 40 shows and presentations and about 10 professional events per edition<\/p><p>_Industrial tours, press trips, buyers program, talks and networking events complement the fashion shows<\/p><p>_Industrial tours, press trips, buyers program, talks and networking events complement the fashion shows<\/p><p>_Annual media return of about 6 million euros, around one thousand news items published, 74 million impressions and 95 countries reached<\/p><h6>\u00a0<\/h6><h6><span style=\"text-decoration: underline;\"><strong>PARTICIPATIONS IN GLOBAL FASHION WEEKS - INTERNATIONAL ACTIONS<\/strong><\/span><\/h6><p>_Paris, Milan and London are the cities with the largest number of international participations<\/p><p>_Partnerships with official entities and events in the international calendar<\/p><p>_Partnerships with official entities and events in the international calendar<\/p><p>_Marques'Almeida, Ernest W Bakker, David Catal\u00e1n, Alexandra Moura, Miguel Vieira are some of the designer brands that have already counted on the support of Portugal Fashion to hold shows in international fashion capitals<\/p><h6>\u00a0<\/h6><h6><span style=\"text-decoration: underline;\"><strong>TRADE PROMOTION PROGRAMS - SHOWROOMS AND TRADESHOWS <\/strong><\/span><\/h6><p>_Support for business development in the fashion area with support programs for participation in showrooms and trade shows, including logistical and organizational support and commercial mentoring<\/p><p>_Showroom held in Portugal also to promote presentation to foreign buyers who come to Porto<\/p>\t\t\t\t\t\t\t\t<\/div>\n\t\t\t\t<\/div>\n\t\t\t\t\t<\/div>\n\t\t<\/div>\n\t\t\t\t<div class=\"elementor-column elementor-col-33 elementor-inner-column elementor-element elementor-element-4d532e1\" data-id=\"4d532e1\" data-element_type=\"column\">\n\t\t\t<div class=\"elementor-widget-wrap\">\n\t\t\t\t\t\t\t<\/div>\n\t\t<\/div>\n\t\t\t\t<div class=\"elementor-column elementor-col-33 elementor-inner-column elementor-element elementor-element-4974f20\" data-id=\"4974f20\" data-element_type=\"column\">\n\t\t\t<div class=\"elementor-widget-wrap elementor-element-populated\">\n\t\t\t\t\t\t<div class=\"elementor-element elementor-element-8e36fac elementor-widget elementor-widget-text-editor\" data-id=\"8e36fac\" data-element_type=\"widget\" data-widget_type=\"text-editor.default\">\n\t\t\t\t<div class=\"elementor-widget-container\">\n\t\t\t\t\t\t\t\t\t<h6><span style=\"text-decoration: underline;\"><strong>PORTUGAL FASHION SESSIONS <\/strong><\/span><\/h6><p>_Under the motto Fashion, Design and Lifestyle, Portugal Fashion Sessions are pop up events, which privilege the decentralization of actions<\/p><p>_Events in cities other than Porto and events held outside the fashion week circuits<\/p><p>_The essence of these initiatives is to promote fashion not as a cult of the ephemeral, but as an economic, cultural and social phenomenon, through synergies with tourism, arts and crafts, and other creative industries<\/p><p>\u00a0<\/p><h6><span style=\"text-decoration: underline;\"><strong>BLOOM <\/strong><\/span><\/h6><p>_Young talents platform, urban and militaristic<\/p><p>_It holds two annual editions, in March and October, but includes an ongoing action plan to support new creators<\/p><p>_BLOOM has already enabled more than 300 new designers and brands to show their collections, including students from Portuguese fashion schools<\/p><p>\u00a0<\/p><h6><span style=\"text-decoration: underline;\"><strong>CANEX PRESENTS AFRICA @ PORTUGAL FASHION <\/strong><\/span><\/h6><p>_Portugal Fashion and the African Export and Import Bank (Afreximbank) signed a 3-year partnership to support and promote the African fashion apparel industry in Portugal and Europe<\/p><p>_In the scope of Afreximbank's Creative Africa Nexus (CANEX) program, the initiative intends to promote annually at least 20 African designers in Portugal Fashion editions<\/p><p>_The project includes: the production of fashion shows, a professional showroom, an immersive week in Portugal with the support of experts in the various dimensions of the fashion business, an industrial tour and a multidisciplinary mentoring program with international mentors, fully coordinated by Portugal Fashion<\/p>\t\t\t\t\t\t\t\t<\/div>\n\t\t\t\t<\/div>\n\t\t\t\t\t<\/div>\n\t\t<\/div>\n\t\t\t\t\t<\/div>\n\t\t<\/section>\n\t\t\t\t\t<\/div>\n\t\t<\/div>\n\t\t\t\t\t<\/div>\n\t\t<\/section>\n\t\t\t\t<\/div>","protected":false},"excerpt":{"rendered":"<p>SOBRE N\u00d3S O PORTUGAL FASHION tem por miss\u00e3o promover a moda de autor nacional e internacionalmente, descobrindo novos talentos, criando sinergias entre designers e ind\u00fastria e posicionando cada vez mais Portugal como pa\u00eds de criatividade e tradi\u00e7\u00e3o, design e produ\u00e7\u00e3o. Assumindo-se como uma plataforma, o PORTUGAL FASHION ambiciona posicionar Portugal como um \u201cfashion hub\u201d diferenciado [&hellip;]<\/p>","protected":false},"author":5,"featured_media":0,"parent":0,"menu_order":0,"comment_status":"closed","ping_status":"closed","template":"","meta":{"_acf_changed":false,"_monsterinsights_skip_tracking":false,"_monsterinsights_sitenote_active":false,"_monsterinsights_sitenote_note":"","_monsterinsights_sitenote_category":0,"footnotes":""},"class_list":["post-122","page","type-page","status-publish","hentry"],"acf":[],"yoast_head":"<!-- This site is optimized with the Yoast SEO plugin v24.2 - https:\/\/yoast.com\/wordpress\/plugins\/seo\/ -->\n<title>Sobre n\u00f3s - Portugal Fashion<\/title>\n<meta name=\"robots\" content=\"index, follow, max-snippet:-1, max-image-preview:large, max-video-preview:-1\" \/>\n<link rel=\"canonical\" href=\"https:\/\/portugalfashion.com\/en\/sobre-nos\/\" \/>\n<meta property=\"og:locale\" content=\"en_GB\" \/>\n<meta property=\"og:type\" content=\"article\" \/>\n<meta property=\"og:title\" content=\"Sobre n\u00f3s - Portugal Fashion\" \/>\n<meta property=\"og:description\" content=\"SOBRE N\u00d3S O PORTUGAL FASHION tem por miss\u00e3o promover a moda de autor nacional e internacionalmente, descobrindo novos talentos, criando sinergias entre designers e ind\u00fastria e posicionando cada vez mais Portugal como pa\u00eds de criatividade e tradi\u00e7\u00e3o, design e produ\u00e7\u00e3o. Assumindo-se como uma plataforma, o PORTUGAL FASHION ambiciona posicionar Portugal como um \u201cfashion hub\u201d diferenciado [&hellip;]\" \/>\n<meta property=\"og:url\" content=\"https:\/\/portugalfashion.com\/en\/sobre-nos\/\" \/>\n<meta property=\"og:site_name\" content=\"Portugal Fashion\" \/>\n<meta property=\"article:modified_time\" content=\"2024-05-13T11:15:35+00:00\" \/>\n<meta property=\"og:image\" content=\"https:\/\/portugalfashion.com\/wp-content\/uploads\/2021\/11\/12.png\" \/>\n<meta name=\"twitter:card\" content=\"summary_large_image\" \/>\n<meta name=\"twitter:label1\" content=\"Est. reading time\" \/>\n\t<meta name=\"twitter:data1\" content=\"5 minutes\" \/>\n<script type=\"application\/ld+json\" class=\"yoast-schema-graph\">{\"@context\":\"https:\/\/schema.org\",\"@graph\":[{\"@type\":\"WebPage\",\"@id\":\"https:\/\/portugalfashion.com\/sobre-nos\/\",\"url\":\"https:\/\/portugalfashion.com\/sobre-nos\/\",\"name\":\"Sobre n\u00f3s - Portugal Fashion\",\"isPartOf\":{\"@id\":\"https:\/\/portugalfashion.com\/#website\"},\"primaryImageOfPage\":{\"@id\":\"https:\/\/portugalfashion.com\/sobre-nos\/#primaryimage\"},\"image\":{\"@id\":\"https:\/\/portugalfashion.com\/sobre-nos\/#primaryimage\"},\"thumbnailUrl\":\"https:\/\/portugalfashion.com\/wp-content\/uploads\/2021\/11\/12.png\",\"datePublished\":\"2021-08-19T13:16:59+00:00\",\"dateModified\":\"2024-05-13T11:15:35+00:00\",\"breadcrumb\":{\"@id\":\"https:\/\/portugalfashion.com\/sobre-nos\/#breadcrumb\"},\"inLanguage\":\"en-GB\",\"potentialAction\":[{\"@type\":\"ReadAction\",\"target\":[\"https:\/\/portugalfashion.com\/sobre-nos\/\"]}]},{\"@type\":\"ImageObject\",\"inLanguage\":\"en-GB\",\"@id\":\"https:\/\/portugalfashion.com\/sobre-nos\/#primaryimage\",\"url\":\"https:\/\/portugalfashion.com\/wp-content\/uploads\/2021\/11\/12.png\",\"contentUrl\":\"https:\/\/portugalfashion.com\/wp-content\/uploads\/2021\/11\/12.png\"},{\"@type\":\"BreadcrumbList\",\"@id\":\"https:\/\/portugalfashion.com\/sobre-nos\/#breadcrumb\",\"itemListElement\":[{\"@type\":\"ListItem\",\"position\":1,\"name\":\"Home\",\"item\":\"https:\/\/portugalfashion.com\/\"},{\"@type\":\"ListItem\",\"position\":2,\"name\":\"Sobre n\u00f3s\"}]},{\"@type\":\"WebSite\",\"@id\":\"https:\/\/portugalfashion.com\/#website\",\"url\":\"https:\/\/portugalfashion.com\/\",\"name\":\"Portugal Fashion\",\"description\":\"Moda e Eventos\",\"publisher\":{\"@id\":\"https:\/\/portugalfashion.com\/#organization\"},\"potentialAction\":[{\"@type\":\"SearchAction\",\"target\":{\"@type\":\"EntryPoint\",\"urlTemplate\":\"https:\/\/portugalfashion.com\/?s={search_term_string}\"},\"query-input\":{\"@type\":\"PropertyValueSpecification\",\"valueRequired\":true,\"valueName\":\"search_term_string\"}}],\"inLanguage\":\"en-GB\"},{\"@type\":\"Organization\",\"@id\":\"https:\/\/portugalfashion.com\/#organization\",\"name\":\"Portugal Fashion\",\"url\":\"https:\/\/portugalfashion.com\/\",\"logo\":{\"@type\":\"ImageObject\",\"inLanguage\":\"en-GB\",\"@id\":\"https:\/\/portugalfashion.com\/#\/schema\/logo\/image\/\",\"url\":\"http:\/\/portugalfashion.com\/wp-content\/uploads\/2021\/08\/animated-logo-pf-black.svg\",\"contentUrl\":\"http:\/\/portugalfashion.com\/wp-content\/uploads\/2021\/08\/animated-logo-pf-black.svg\",\"width\":1374,\"height\":670,\"caption\":\"Portugal Fashion\"},\"image\":{\"@id\":\"https:\/\/portugalfashion.com\/#\/schema\/logo\/image\/\"}}]}<\/script>\n<!-- \/ Yoast SEO plugin. -->","yoast_head_json":{"title":"Sobre n\u00f3s - Portugal Fashion","robots":{"index":"index","follow":"follow","max-snippet":"max-snippet:-1","max-image-preview":"max-image-preview:large","max-video-preview":"max-video-preview:-1"},"canonical":"https:\/\/portugalfashion.com\/en\/sobre-nos\/","og_locale":"en_GB","og_type":"article","og_title":"Sobre n\u00f3s - Portugal Fashion","og_description":"SOBRE N\u00d3S O PORTUGAL FASHION tem por miss\u00e3o promover a moda de autor nacional e internacionalmente, descobrindo novos talentos, criando sinergias entre designers e ind\u00fastria e posicionando cada vez mais Portugal como pa\u00eds de criatividade e tradi\u00e7\u00e3o, design e produ\u00e7\u00e3o. Assumindo-se como uma plataforma, o PORTUGAL FASHION ambiciona posicionar Portugal como um \u201cfashion hub\u201d diferenciado [&hellip;]","og_url":"https:\/\/portugalfashion.com\/en\/sobre-nos\/","og_site_name":"Portugal Fashion","article_modified_time":"2024-05-13T11:15:35+00:00","og_image":[{"url":"https:\/\/portugalfashion.com\/wp-content\/uploads\/2021\/11\/12.png","type":"","width":"","height":""}],"twitter_card":"summary_large_image","twitter_misc":{"Est. reading time":"5 minutes"},"schema":{"@context":"https:\/\/schema.org","@graph":[{"@type":"WebPage","@id":"https:\/\/portugalfashion.com\/sobre-nos\/","url":"https:\/\/portugalfashion.com\/sobre-nos\/","name":"Sobre n\u00f3s - Portugal Fashion","isPartOf":{"@id":"https:\/\/portugalfashion.com\/#website"},"primaryImageOfPage":{"@id":"https:\/\/portugalfashion.com\/sobre-nos\/#primaryimage"},"image":{"@id":"https:\/\/portugalfashion.com\/sobre-nos\/#primaryimage"},"thumbnailUrl":"https:\/\/portugalfashion.com\/wp-content\/uploads\/2021\/11\/12.png","datePublished":"2021-08-19T13:16:59+00:00","dateModified":"2024-05-13T11:15:35+00:00","breadcrumb":{"@id":"https:\/\/portugalfashion.com\/sobre-nos\/#breadcrumb"},"inLanguage":"en-GB","potentialAction":[{"@type":"ReadAction","target":["https:\/\/portugalfashion.com\/sobre-nos\/"]}]},{"@type":"ImageObject","inLanguage":"en-GB","@id":"https:\/\/portugalfashion.com\/sobre-nos\/#primaryimage","url":"https:\/\/portugalfashion.com\/wp-content\/uploads\/2021\/11\/12.png","contentUrl":"https:\/\/portugalfashion.com\/wp-content\/uploads\/2021\/11\/12.png"},{"@type":"BreadcrumbList","@id":"https:\/\/portugalfashion.com\/sobre-nos\/#breadcrumb","itemListElement":[{"@type":"ListItem","position":1,"name":"Home","item":"https:\/\/portugalfashion.com\/"},{"@type":"ListItem","position":2,"name":"Sobre n\u00f3s"}]},{"@type":"WebSite","@id":"https:\/\/portugalfashion.com\/#website","url":"https:\/\/portugalfashion.com\/","name":"Portugal Fashion","description":"Moda e Eventos","publisher":{"@id":"https:\/\/portugalfashion.com\/#organization"},"potentialAction":[{"@type":"SearchAction","target":{"@type":"EntryPoint","urlTemplate":"https:\/\/portugalfashion.com\/?s={search_term_string}"},"query-input":{"@type":"PropertyValueSpecification","valueRequired":true,"valueName":"search_term_string"}}],"inLanguage":"en-GB"},{"@type":"Organization","@id":"https:\/\/portugalfashion.com\/#organization","name":"Portugal Fashion","url":"https:\/\/portugalfashion.com\/","logo":{"@type":"ImageObject","inLanguage":"en-GB","@id":"https:\/\/portugalfashion.com\/#\/schema\/logo\/image\/","url":"http:\/\/portugalfashion.com\/wp-content\/uploads\/2021\/08\/animated-logo-pf-black.svg","contentUrl":"http:\/\/portugalfashion.com\/wp-content\/uploads\/2021\/08\/animated-logo-pf-black.svg","width":1374,"height":670,"caption":"Portugal Fashion"},"image":{"@id":"https:\/\/portugalfashion.com\/#\/schema\/logo\/image\/"}}]}},"_links":{"self":[{"href":"https:\/\/portugalfashion.com\/en\/wp-json\/wp\/v2\/pages\/122","targetHints":{"allow":["GET"]}}],"collection":[{"href":"https:\/\/portugalfashion.com\/en\/wp-json\/wp\/v2\/pages"}],"about":[{"href":"https:\/\/portugalfashion.com\/en\/wp-json\/wp\/v2\/types\/page"}],"author":[{"embeddable":true,"href":"https:\/\/portugalfashion.com\/en\/wp-json\/wp\/v2\/users\/5"}],"replies":[{"embeddable":true,"href":"https:\/\/portugalfashion.com\/en\/wp-json\/wp\/v2\/comments?post=122"}],"version-history":[{"count":217,"href":"https:\/\/portugalfashion.com\/en\/wp-json\/wp\/v2\/pages\/122\/revisions"}],"predecessor-version":[{"id":18439,"href":"https:\/\/portugalfashion.com\/en\/wp-json\/wp\/v2\/pages\/122\/revisions\/18439"}],"wp:attachment":[{"href":"https:\/\/portugalfashion.com\/en\/wp-json\/wp\/v2\/media?parent=122"}],"curies":[{"name":"wp","href":"https:\/\/api.w.org\/{rel}","templated":true}]}}