{"id":13739,"date":"2022-05-09T12:09:06","date_gmt":"2022-05-09T12:09:06","guid":{"rendered":"https:\/\/portugalfashion.com\/?page_id=13739"},"modified":"2022-05-09T15:42:17","modified_gmt":"2022-05-09T15:42:17","slug":"portugal-fashion-sessions","status":"publish","type":"page","link":"https:\/\/portugalfashion.com\/en\/portugal-fashion-sessions\/","title":{"rendered":"Portugal Fashion Sessions"},"content":{"rendered":"<div data-elementor-type=\"wp-page\" data-elementor-id=\"13739\" class=\"elementor elementor-13739\">\n\t\t\t\t\t\t<section class=\"elementor-section elementor-top-section elementor-element elementor-element-83f2ab0 elementor-section-content-top elementor-section-boxed elementor-section-height-default elementor-section-height-default\" data-id=\"83f2ab0\" data-element_type=\"section\">\n\t\t\t\t\t\t<div class=\"elementor-container elementor-column-gap-default\">\n\t\t\t\t\t<div class=\"elementor-column elementor-col-50 elementor-top-column elementor-element elementor-element-e1a4a0a sticky-parent\" data-id=\"e1a4a0a\" data-element_type=\"column\">\n\t\t\t<div class=\"elementor-widget-wrap elementor-element-populated\">\n\t\t\t\t\t\t<section class=\"elementor-section elementor-inner-section elementor-element elementor-element-6699ec0 sticky-column elementor-section-boxed elementor-section-height-default elementor-section-height-default\" data-id=\"6699ec0\" data-element_type=\"section\">\n\t\t\t\t\t\t<div class=\"elementor-container elementor-column-gap-default\">\n\t\t\t\t\t<div class=\"elementor-column elementor-col-100 elementor-inner-column elementor-element elementor-element-ab4aa85\" data-id=\"ab4aa85\" data-element_type=\"column\">\n\t\t\t<div class=\"elementor-widget-wrap elementor-element-populated\">\n\t\t\t\t\r\n    <style>#elementor-panel-category-pro-elements, #elementor-panel-category-woocommerce-elements, #elementor-panel-category-theme-elements, #elementor-panel-get-pro-elements, .elementor-nerd-box{display: none !important;}<\/style>\r\n    \t\t<div class=\"elementor-element elementor-element-a02ce2d elementor-widget elementor-widget-image\" data-id=\"a02ce2d\" data-element_type=\"widget\" data-widget_type=\"image.default\">\n\t\t\t\t<div class=\"elementor-widget-container\">\n\t\t\t\t\t\t\t\t\t\t\t\t\t\t\t<img fetchpriority=\"high\" decoding=\"async\" width=\"725\" height=\"1024\" src=\"https:\/\/portugalfashion.com\/wp-content\/uploads\/2022\/05\/2.png\" class=\"attachment-large size-large wp-image-13746\" alt=\"\" srcset=\"https:\/\/portugalfashion.com\/wp-content\/uploads\/2022\/05\/2.png 725w, https:\/\/portugalfashion.com\/wp-content\/uploads\/2022\/05\/2-212x300.png 212w, https:\/\/portugalfashion.com\/wp-content\/uploads\/2022\/05\/2-8x12.png 8w\" sizes=\"(max-width: 725px) 100vw, 725px\" \/>\t\t\t\t\t\t\t\t\t\t\t\t\t\t\t<\/div>\n\t\t\t\t<\/div>\n\t\t\t\t\t<\/div>\n\t\t<\/div>\n\t\t\t\t\t<\/div>\n\t\t<\/section>\n\t\t\t\t\t<\/div>\n\t\t<\/div>\n\t\t\t\t<div class=\"elementor-column elementor-col-50 elementor-top-column elementor-element elementor-element-34edb27\" data-id=\"34edb27\" data-element_type=\"column\">\n\t\t\t<div class=\"elementor-widget-wrap elementor-element-populated\">\n\t\t\t\t\t\t<div class=\"elementor-element elementor-element-6b22a3f font-decor-bold elementor-widget elementor-widget-heading\" data-id=\"6b22a3f\" data-element_type=\"widget\" data-widget_type=\"heading.default\">\n\t\t\t\t<div class=\"elementor-widget-container\">\n\t\t\t\t\t<h2 class=\"elementor-heading-title elementor-size-default\">PORTUGAL FASHION SESSIONS<\/h2>\t\t\t\t<\/div>\n\t\t\t\t<\/div>\n\t\t\t\t<div class=\"elementor-element elementor-element-c6ca713 elementor-widget elementor-widget-text-editor\" data-id=\"c6ca713\" data-element_type=\"widget\" data-widget_type=\"text-editor.default\">\n\t\t\t\t<div class=\"elementor-widget-container\">\n\t\t\t\t\t\t\t\t\t<p><span style=\"text-decoration: underline;\"><strong>LOCAL ESSENCE PROMOTES THE FUTURE OF NATIONAL FASHION<\/strong><\/span><\/p><p><strong>Portugal Fashion Sessions<\/strong> is the latest brand promoting national fashion. Closing its 25th anniversary celebrations in 2021, Portugal Fashion presented a strategy that increasingly involves valuing Portuguese talent and the future of national fashion, through a growing <strong>valorization of the important creative and productive essence, with traditional roots<\/strong>. On July 9th and 10th 2021, Famalic\u00e3o was the first city to host the Portugal Fashion Sessions, under the Famalic\u00e3o Cidade T\u00eaxtil motto.<\/p><p>It is intended, in this way, to continue a movement of \"Positive Fashion\", where fashion is understood not as the cult of the ephemeral, but as an economic, cultural, and social phenomenon capable of creating identity ties, feelings of belonging, intergenerational inheritance, and community participation.<\/p><p>Portugal Fashion, in partnership with the municipalities where the actions take place, promotes a set of initiatives that allow to strengthen, in the media and in a differentiating way, Portugal and its regions, both for its traditional lifestyle and its global, innovative and competitive vocation, and for the growing synergy with the national cultural and artistic heritages.<\/p><p><span style=\"text-decoration: underline;\"><strong>AN INITIATIVE THAT SCALES BORDERS<\/strong><\/span><\/p><p>The initiative is not limited to Portugal. Aiming to scale borders, the Portugal Fashion Sessions also assume an <strong>international dimension<\/strong>. The aim is to take Portugal's cultural heritage abroad and create interactions with the dynamics of the destination city. In the first out of doors action, on October 26 and 27, 2021, Portugal Fashion took to Madrid, Spain, four actions in different spaces of the city.<\/p>\t\t\t\t\t\t\t\t<\/div>\n\t\t\t\t<\/div>\n\t\t\t\t\t<\/div>\n\t\t<\/div>\n\t\t\t\t\t<\/div>\n\t\t<\/section>\n\t\t\t\t<section class=\"elementor-section elementor-top-section elementor-element elementor-element-53036ae elementor-section-boxed elementor-section-height-default elementor-section-height-default\" data-id=\"53036ae\" data-element_type=\"section\" data-settings=\"{&quot;background_background&quot;:&quot;classic&quot;}\">\n\t\t\t\t\t\t<div class=\"elementor-container elementor-column-gap-default\">\n\t\t\t\t\t<div class=\"elementor-column elementor-col-50 elementor-top-column elementor-element elementor-element-3305dd1\" data-id=\"3305dd1\" data-element_type=\"column\">\n\t\t\t<div class=\"elementor-widget-wrap elementor-element-populated\">\n\t\t\t\t\t\t<div class=\"elementor-element elementor-element-585bc63 font-decor-bold elementor-widget elementor-widget-heading\" data-id=\"585bc63\" data-element_type=\"widget\" data-widget_type=\"heading.default\">\n\t\t\t\t<div class=\"elementor-widget-container\">\n\t\t\t\t\t<h3 class=\"elementor-heading-title elementor-size-default\">NATIONAL EDITIONS<\/h3>\t\t\t\t<\/div>\n\t\t\t\t<\/div>\n\t\t\t\t<div class=\"elementor-element elementor-element-16bee41 elementor-arrows-position-inside elementor-widget elementor-widget-image-carousel\" data-id=\"16bee41\" data-element_type=\"widget\" data-settings=\"{&quot;slides_to_show&quot;:&quot;1&quot;,&quot;navigation&quot;:&quot;arrows&quot;,&quot;autoplay&quot;:&quot;yes&quot;,&quot;pause_on_hover&quot;:&quot;yes&quot;,&quot;pause_on_interaction&quot;:&quot;yes&quot;,&quot;autoplay_speed&quot;:5000,&quot;infinite&quot;:&quot;yes&quot;,&quot;effect&quot;:&quot;slide&quot;,&quot;speed&quot;:500}\" data-widget_type=\"image-carousel.default\">\n\t\t\t\t<div class=\"elementor-widget-container\">\n\t\t\t\t\t\t\t<div class=\"elementor-image-carousel-wrapper swiper\" role=\"region\" aria-roledescription=\"carousel\" aria-label=\"Image Carousel\" dir=\"ltr\">\n\t\t\t<div class=\"elementor-image-carousel swiper-wrapper\" aria-live=\"off\">\n\t\t\t\t\t\t\t\t<div class=\"swiper-slide\" role=\"group\" aria-roledescription=\"slide\" aria-label=\"1 of 1\"><a data-elementor-open-lightbox=\"yes\" data-elementor-lightbox-slideshow=\"16bee41\" data-elementor-lightbox-title=\"Untitled design (5)\" data-e-action-hash=\"#elementor-action%3Aaction%3Dlightbox%26settings%3DeyJpZCI6MTM3NTEsInVybCI6Imh0dHBzOlwvXC9wb3J0dWdhbGZhc2hpb24uY29tXC93cC1jb250ZW50XC91cGxvYWRzXC8yMDIyXC8wNVwvVW50aXRsZWQtZGVzaWduLTUucG5nIiwic2xpZGVzaG93IjoiMTZiZWU0MSJ9\" href=\"https:\/\/portugalfashion.com\/en\/edicoes\/pf-sessions-famalicao\/\"><figure class=\"swiper-slide-inner\"><img decoding=\"async\" class=\"swiper-slide-image\" src=\"https:\/\/portugalfashion.com\/wp-content\/uploads\/2022\/05\/Untitled-design-5-191x300.png\" alt=\"FAMALIC\u00c3O\" \/><figcaption class=\"elementor-image-carousel-caption\">FAMALIC\u00c3O<\/figcaption><\/figure><\/a><\/div>\t\t\t<\/div>\n\t\t\t\t\t<\/div>\n\t\t\t\t\t\t<\/div>\n\t\t\t\t<\/div>\n\t\t\t\t\t<\/div>\n\t\t<\/div>\n\t\t\t\t<div class=\"elementor-column elementor-col-50 elementor-top-column elementor-element elementor-element-fd6a1b3\" data-id=\"fd6a1b3\" data-element_type=\"column\">\n\t\t\t<div class=\"elementor-widget-wrap elementor-element-populated\">\n\t\t\t\t\t\t<div class=\"elementor-element elementor-element-6f2a956 font-decor-bold elementor-widget elementor-widget-heading\" data-id=\"6f2a956\" data-element_type=\"widget\" data-widget_type=\"heading.default\">\n\t\t\t\t<div class=\"elementor-widget-container\">\n\t\t\t\t\t<h3 class=\"elementor-heading-title elementor-size-default\">INTERNATIONAL EDITIONS<\/h3>\t\t\t\t<\/div>\n\t\t\t\t<\/div>\n\t\t\t\t<div class=\"elementor-element elementor-element-6c70032 elementor-widget elementor-widget-image\" data-id=\"6c70032\" data-element_type=\"widget\" data-widget_type=\"image.default\">\n\t\t\t\t<div class=\"elementor-widget-container\">\n\t\t\t\t\t\t\t\t\t\t\t\t<figure class=\"wp-caption\">\n\t\t\t\t\t\t\t\t\t\t\t<a href=\"https:\/\/portugalfashion.com\/en\/edicoes\/pf-sessions-madrid\/\">\n\t\t\t\t\t\t\t<img decoding=\"async\" width=\"191\" height=\"300\" src=\"https:\/\/portugalfashion.com\/wp-content\/uploads\/2022\/05\/Untitled-design-6-191x300.png\" class=\"attachment-medium size-medium wp-image-13760\" alt=\"\" srcset=\"https:\/\/portugalfashion.com\/wp-content\/uploads\/2022\/05\/Untitled-design-6-191x300.png 191w, https:\/\/portugalfashion.com\/wp-content\/uploads\/2022\/05\/Untitled-design-6-8x12.png 8w, https:\/\/portugalfashion.com\/wp-content\/uploads\/2022\/05\/Untitled-design-6.png 255w\" sizes=\"(max-width: 191px) 100vw, 191px\" \/>\t\t\t\t\t\t\t\t<\/a>\n\t\t\t\t\t\t\t\t\t\t\t<figcaption class=\"widget-image-caption wp-caption-text\">MADRID<\/figcaption>\n\t\t\t\t\t\t\t\t\t\t<\/figure>\n\t\t\t\t\t\t\t\t\t<\/div>\n\t\t\t\t<\/div>\n\t\t\t\t\t<\/div>\n\t\t<\/div>\n\t\t\t\t\t<\/div>\n\t\t<\/section>\n\t\t\t\t<section class=\"elementor-section elementor-top-section elementor-element elementor-element-96d81c9 elementor-section-boxed elementor-section-height-default elementor-section-height-default\" data-id=\"96d81c9\" data-element_type=\"section\">\n\t\t\t\t\t\t<div class=\"elementor-container elementor-column-gap-default\">\n\t\t\t\t\t<div class=\"elementor-column elementor-col-100 elementor-top-column elementor-element elementor-element-40b7248\" data-id=\"40b7248\" data-element_type=\"column\">\n\t\t\t<div class=\"elementor-widget-wrap elementor-element-populated\">\n\t\t\t\t\t\t<div class=\"elementor-element elementor-element-c643242 elementor-widget elementor-widget-spacer\" data-id=\"c643242\" data-element_type=\"widget\" data-widget_type=\"spacer.default\">\n\t\t\t\t<div class=\"elementor-widget-container\">\n\t\t\t\t\t\t\t<div class=\"elementor-spacer\">\n\t\t\t<div class=\"elementor-spacer-inner\"><\/div>\n\t\t<\/div>\n\t\t\t\t\t\t<\/div>\n\t\t\t\t<\/div>\n\t\t\t\t\t<\/div>\n\t\t<\/div>\n\t\t\t\t\t<\/div>\n\t\t<\/section>\n\t\t\t\t<\/div>","protected":false},"excerpt":{"rendered":"<p>PORTUGAL FASHION SESSIONS ESS\u00caNCIA LOCAL PROMOVE O FUTURO DA MODA NACIONAL Portugal Fashion Sessions \u00e9 a mais recente marca de promo\u00e7\u00e3o da moda nacional. Ao encerrar as celebra\u00e7\u00f5es dos seus 25 anos em 2021, o Portugal Fashion apresentou uma estrat\u00e9gia que passa cada vez mais por valorizar o talento portugu\u00eas e o futuro da moda [&hellip;]<\/p>","protected":false},"author":6,"featured_media":0,"parent":0,"menu_order":0,"comment_status":"closed","ping_status":"closed","template":"","meta":{"_acf_changed":false,"_monsterinsights_skip_tracking":false,"_monsterinsights_sitenote_active":false,"_monsterinsights_sitenote_note":"","_monsterinsights_sitenote_category":0,"footnotes":""},"class_list":["post-13739","page","type-page","status-publish","hentry"],"acf":[],"yoast_head":"<!-- This site is optimized with the Yoast SEO plugin v24.2 - https:\/\/yoast.com\/wordpress\/plugins\/seo\/ -->\n<title>Portugal Fashion Sessions - Portugal Fashion<\/title>\n<meta name=\"robots\" content=\"index, follow, max-snippet:-1, max-image-preview:large, max-video-preview:-1\" \/>\n<link rel=\"canonical\" href=\"https:\/\/portugalfashion.com\/en\/portugal-fashion-sessions\/\" \/>\n<meta property=\"og:locale\" content=\"en_GB\" \/>\n<meta property=\"og:type\" content=\"article\" \/>\n<meta property=\"og:title\" content=\"Portugal Fashion Sessions - Portugal Fashion\" \/>\n<meta property=\"og:description\" content=\"PORTUGAL FASHION SESSIONS ESS\u00caNCIA LOCAL PROMOVE O FUTURO DA MODA NACIONAL Portugal Fashion Sessions \u00e9 a mais recente marca de promo\u00e7\u00e3o da moda nacional. Ao encerrar as celebra\u00e7\u00f5es dos seus 25 anos em 2021, o Portugal Fashion apresentou uma estrat\u00e9gia que passa cada vez mais por valorizar o talento portugu\u00eas e o futuro da moda [&hellip;]\" \/>\n<meta property=\"og:url\" content=\"https:\/\/portugalfashion.com\/en\/portugal-fashion-sessions\/\" \/>\n<meta property=\"og:site_name\" content=\"Portugal Fashion\" \/>\n<meta property=\"article:modified_time\" content=\"2022-05-09T15:42:17+00:00\" \/>\n<meta property=\"og:image\" content=\"https:\/\/portugalfashion.com\/wp-content\/uploads\/2022\/05\/2.png\" \/>\n<meta name=\"twitter:card\" content=\"summary_large_image\" \/>\n<meta name=\"twitter:label1\" content=\"Est. reading time\" \/>\n\t<meta name=\"twitter:data1\" content=\"3 minutes\" \/>\n<script type=\"application\/ld+json\" class=\"yoast-schema-graph\">{\"@context\":\"https:\/\/schema.org\",\"@graph\":[{\"@type\":\"WebPage\",\"@id\":\"https:\/\/portugalfashion.com\/portugal-fashion-sessions\/\",\"url\":\"https:\/\/portugalfashion.com\/portugal-fashion-sessions\/\",\"name\":\"Portugal Fashion Sessions - Portugal Fashion\",\"isPartOf\":{\"@id\":\"https:\/\/portugalfashion.com\/#website\"},\"primaryImageOfPage\":{\"@id\":\"https:\/\/portugalfashion.com\/portugal-fashion-sessions\/#primaryimage\"},\"image\":{\"@id\":\"https:\/\/portugalfashion.com\/portugal-fashion-sessions\/#primaryimage\"},\"thumbnailUrl\":\"https:\/\/portugalfashion.com\/wp-content\/uploads\/2022\/05\/2.png\",\"datePublished\":\"2022-05-09T12:09:06+00:00\",\"dateModified\":\"2022-05-09T15:42:17+00:00\",\"breadcrumb\":{\"@id\":\"https:\/\/portugalfashion.com\/portugal-fashion-sessions\/#breadcrumb\"},\"inLanguage\":\"en-GB\",\"potentialAction\":[{\"@type\":\"ReadAction\",\"target\":[\"https:\/\/portugalfashion.com\/portugal-fashion-sessions\/\"]}]},{\"@type\":\"ImageObject\",\"inLanguage\":\"en-GB\",\"@id\":\"https:\/\/portugalfashion.com\/portugal-fashion-sessions\/#primaryimage\",\"url\":\"https:\/\/portugalfashion.com\/wp-content\/uploads\/2022\/05\/2.png\",\"contentUrl\":\"https:\/\/portugalfashion.com\/wp-content\/uploads\/2022\/05\/2.png\"},{\"@type\":\"BreadcrumbList\",\"@id\":\"https:\/\/portugalfashion.com\/portugal-fashion-sessions\/#breadcrumb\",\"itemListElement\":[{\"@type\":\"ListItem\",\"position\":1,\"name\":\"Home\",\"item\":\"https:\/\/portugalfashion.com\/\"},{\"@type\":\"ListItem\",\"position\":2,\"name\":\"Portugal Fashion Sessions\"}]},{\"@type\":\"WebSite\",\"@id\":\"https:\/\/portugalfashion.com\/#website\",\"url\":\"https:\/\/portugalfashion.com\/\",\"name\":\"Portugal Fashion\",\"description\":\"Moda e Eventos\",\"publisher\":{\"@id\":\"https:\/\/portugalfashion.com\/#organization\"},\"potentialAction\":[{\"@type\":\"SearchAction\",\"target\":{\"@type\":\"EntryPoint\",\"urlTemplate\":\"https:\/\/portugalfashion.com\/?s={search_term_string}\"},\"query-input\":{\"@type\":\"PropertyValueSpecification\",\"valueRequired\":true,\"valueName\":\"search_term_string\"}}],\"inLanguage\":\"en-GB\"},{\"@type\":\"Organization\",\"@id\":\"https:\/\/portugalfashion.com\/#organization\",\"name\":\"Portugal Fashion\",\"url\":\"https:\/\/portugalfashion.com\/\",\"logo\":{\"@type\":\"ImageObject\",\"inLanguage\":\"en-GB\",\"@id\":\"https:\/\/portugalfashion.com\/#\/schema\/logo\/image\/\",\"url\":\"http:\/\/portugalfashion.com\/wp-content\/uploads\/2021\/08\/animated-logo-pf-black.svg\",\"contentUrl\":\"http:\/\/portugalfashion.com\/wp-content\/uploads\/2021\/08\/animated-logo-pf-black.svg\",\"width\":1374,\"height\":670,\"caption\":\"Portugal Fashion\"},\"image\":{\"@id\":\"https:\/\/portugalfashion.com\/#\/schema\/logo\/image\/\"}}]}<\/script>\n<!-- \/ Yoast SEO plugin. -->","yoast_head_json":{"title":"Portugal Fashion Sessions - Portugal Fashion","robots":{"index":"index","follow":"follow","max-snippet":"max-snippet:-1","max-image-preview":"max-image-preview:large","max-video-preview":"max-video-preview:-1"},"canonical":"https:\/\/portugalfashion.com\/en\/portugal-fashion-sessions\/","og_locale":"en_GB","og_type":"article","og_title":"Portugal Fashion Sessions - Portugal Fashion","og_description":"PORTUGAL FASHION SESSIONS ESS\u00caNCIA LOCAL PROMOVE O FUTURO DA MODA NACIONAL Portugal Fashion Sessions \u00e9 a mais recente marca de promo\u00e7\u00e3o da moda nacional. Ao encerrar as celebra\u00e7\u00f5es dos seus 25 anos em 2021, o Portugal Fashion apresentou uma estrat\u00e9gia que passa cada vez mais por valorizar o talento portugu\u00eas e o futuro da moda [&hellip;]","og_url":"https:\/\/portugalfashion.com\/en\/portugal-fashion-sessions\/","og_site_name":"Portugal Fashion","article_modified_time":"2022-05-09T15:42:17+00:00","og_image":[{"url":"https:\/\/portugalfashion.com\/wp-content\/uploads\/2022\/05\/2.png","type":"","width":"","height":""}],"twitter_card":"summary_large_image","twitter_misc":{"Est. reading time":"3 minutes"},"schema":{"@context":"https:\/\/schema.org","@graph":[{"@type":"WebPage","@id":"https:\/\/portugalfashion.com\/portugal-fashion-sessions\/","url":"https:\/\/portugalfashion.com\/portugal-fashion-sessions\/","name":"Portugal Fashion Sessions - Portugal Fashion","isPartOf":{"@id":"https:\/\/portugalfashion.com\/#website"},"primaryImageOfPage":{"@id":"https:\/\/portugalfashion.com\/portugal-fashion-sessions\/#primaryimage"},"image":{"@id":"https:\/\/portugalfashion.com\/portugal-fashion-sessions\/#primaryimage"},"thumbnailUrl":"https:\/\/portugalfashion.com\/wp-content\/uploads\/2022\/05\/2.png","datePublished":"2022-05-09T12:09:06+00:00","dateModified":"2022-05-09T15:42:17+00:00","breadcrumb":{"@id":"https:\/\/portugalfashion.com\/portugal-fashion-sessions\/#breadcrumb"},"inLanguage":"en-GB","potentialAction":[{"@type":"ReadAction","target":["https:\/\/portugalfashion.com\/portugal-fashion-sessions\/"]}]},{"@type":"ImageObject","inLanguage":"en-GB","@id":"https:\/\/portugalfashion.com\/portugal-fashion-sessions\/#primaryimage","url":"https:\/\/portugalfashion.com\/wp-content\/uploads\/2022\/05\/2.png","contentUrl":"https:\/\/portugalfashion.com\/wp-content\/uploads\/2022\/05\/2.png"},{"@type":"BreadcrumbList","@id":"https:\/\/portugalfashion.com\/portugal-fashion-sessions\/#breadcrumb","itemListElement":[{"@type":"ListItem","position":1,"name":"Home","item":"https:\/\/portugalfashion.com\/"},{"@type":"ListItem","position":2,"name":"Portugal Fashion Sessions"}]},{"@type":"WebSite","@id":"https:\/\/portugalfashion.com\/#website","url":"https:\/\/portugalfashion.com\/","name":"Portugal Fashion","description":"Moda e Eventos","publisher":{"@id":"https:\/\/portugalfashion.com\/#organization"},"potentialAction":[{"@type":"SearchAction","target":{"@type":"EntryPoint","urlTemplate":"https:\/\/portugalfashion.com\/?s={search_term_string}"},"query-input":{"@type":"PropertyValueSpecification","valueRequired":true,"valueName":"search_term_string"}}],"inLanguage":"en-GB"},{"@type":"Organization","@id":"https:\/\/portugalfashion.com\/#organization","name":"Portugal Fashion","url":"https:\/\/portugalfashion.com\/","logo":{"@type":"ImageObject","inLanguage":"en-GB","@id":"https:\/\/portugalfashion.com\/#\/schema\/logo\/image\/","url":"http:\/\/portugalfashion.com\/wp-content\/uploads\/2021\/08\/animated-logo-pf-black.svg","contentUrl":"http:\/\/portugalfashion.com\/wp-content\/uploads\/2021\/08\/animated-logo-pf-black.svg","width":1374,"height":670,"caption":"Portugal Fashion"},"image":{"@id":"https:\/\/portugalfashion.com\/#\/schema\/logo\/image\/"}}]}},"_links":{"self":[{"href":"https:\/\/portugalfashion.com\/en\/wp-json\/wp\/v2\/pages\/13739","targetHints":{"allow":["GET"]}}],"collection":[{"href":"https:\/\/portugalfashion.com\/en\/wp-json\/wp\/v2\/pages"}],"about":[{"href":"https:\/\/portugalfashion.com\/en\/wp-json\/wp\/v2\/types\/page"}],"author":[{"embeddable":true,"href":"https:\/\/portugalfashion.com\/en\/wp-json\/wp\/v2\/users\/6"}],"replies":[{"embeddable":true,"href":"https:\/\/portugalfashion.com\/en\/wp-json\/wp\/v2\/comments?post=13739"}],"version-history":[{"count":27,"href":"https:\/\/portugalfashion.com\/en\/wp-json\/wp\/v2\/pages\/13739\/revisions"}],"predecessor-version":[{"id":13798,"href":"https:\/\/portugalfashion.com\/en\/wp-json\/wp\/v2\/pages\/13739\/revisions\/13798"}],"wp:attachment":[{"href":"https:\/\/portugalfashion.com\/en\/wp-json\/wp\/v2\/media?parent=13739"}],"curies":[{"name":"wp","href":"https:\/\/api.w.org\/{rel}","templated":true}]}}