{"id":16331,"date":"2023-03-29T11:07:24","date_gmt":"2023-03-29T11:07:24","guid":{"rendered":"https:\/\/portugalfashion.com\/?page_id=16331"},"modified":"2023-05-29T14:19:26","modified_gmt":"2023-05-29T14:19:26","slug":"imagine-a-bag-challenge","status":"publish","type":"page","link":"https:\/\/portugalfashion.com\/en\/imagine-a-bag-challenge\/","title":{"rendered":"Imagine-a-Bag Challenge"},"content":{"rendered":"<div data-elementor-type=\"wp-page\" data-elementor-id=\"16331\" class=\"elementor elementor-16331\">\n\t\t\t\t\t\t<section class=\"elementor-section elementor-top-section elementor-element elementor-element-1208d06 elementor-section-height-min-height elementor-section-boxed elementor-section-height-default elementor-section-items-middle\" data-id=\"1208d06\" data-element_type=\"section\" id=\"sub-menu-edicoes\" data-settings=\"{&quot;background_background&quot;:&quot;classic&quot;}\">\n\t\t\t\t\t\t<div class=\"elementor-container elementor-column-gap-default\">\n\t\t\t\t\t<div class=\"elementor-column elementor-col-50 elementor-top-column elementor-element elementor-element-59b0ba6\" data-id=\"59b0ba6\" data-element_type=\"column\">\n\t\t\t<div class=\"elementor-widget-wrap elementor-element-populated\">\n\t\t\t\t\r\n    <style>#elementor-panel-category-pro-elements, #elementor-panel-category-woocommerce-elements, #elementor-panel-category-theme-elements, #elementor-panel-get-pro-elements, .elementor-nerd-box{display: none !important;}<\/style>\r\n    \t\t<div class=\"elementor-element elementor-element-15ee06b elementor-widget__width-auto elementor-widget elementor-widget-image\" data-id=\"15ee06b\" data-element_type=\"widget\" data-widget_type=\"image.default\">\n\t\t\t\t<div class=\"elementor-widget-container\">\n\t\t\t\t\t\t\t\t\t\t\t\t\t\t\t\t<a href=\"\/en\/bloom\/\">\n\t\t\t\t\t\t\t<img decoding=\"async\" width=\"121\" height=\"45\" src=\"https:\/\/portugalfashion.com\/wp-content\/uploads\/2021\/09\/bloom-white.png\" class=\"attachment-large size-large wp-image-7974\" alt=\"\" \/>\t\t\t\t\t\t\t\t<\/a>\n\t\t\t\t\t\t\t\t\t\t\t\t\t\t\t<\/div>\n\t\t\t\t<\/div>\n\t\t\t\t\t<\/div>\n\t\t<\/div>\n\t\t\t\t<div class=\"elementor-column elementor-col-50 elementor-top-column elementor-element elementor-element-533f923 hover-bloomMenu\" data-id=\"533f923\" data-element_type=\"column\">\n\t\t\t<div class=\"elementor-widget-wrap elementor-element-populated\">\n\t\t\t\t\t\t<div class=\"elementor-element elementor-element-8eb23b9 elementor-widget__width-auto elementor-widget elementor-widget-heading\" data-id=\"8eb23b9\" data-element_type=\"widget\" data-widget_type=\"heading.default\">\n\t\t\t\t<div class=\"elementor-widget-container\">\n\t\t\t\t\t<div class=\"elementor-heading-title elementor-size-default\"><a href=\"\/en\/sobre-o-bloom\/\">ABOUT BLOOM.<\/a><\/div>\t\t\t\t<\/div>\n\t\t\t\t<\/div>\n\t\t\t\t<div class=\"elementor-element elementor-element-c084417 elementor-widget__width-auto elementor-widget elementor-widget-heading\" data-id=\"c084417\" data-element_type=\"widget\" data-widget_type=\"heading.default\">\n\t\t\t\t<div class=\"elementor-widget-container\">\n\t\t\t\t\t<div class=\"elementor-heading-title elementor-size-default\"><a href=\"\/en\/bloomers\/\">BLOOMERS.<\/a><\/div>\t\t\t\t<\/div>\n\t\t\t\t<\/div>\n\t\t\t\t<div class=\"elementor-element elementor-element-22d03e7 elementor-widget__width-auto elementor-widget elementor-widget-heading\" data-id=\"22d03e7\" data-element_type=\"widget\" data-widget_type=\"heading.default\">\n\t\t\t\t<div class=\"elementor-widget-container\">\n\t\t\t\t\t<div class=\"elementor-heading-title elementor-size-default\"><a href=\"\/en\/edicoes-bloom\/\">EDITIONS.<\/a><\/div>\t\t\t\t<\/div>\n\t\t\t\t<\/div>\n\t\t\t\t<div class=\"elementor-element elementor-element-59ea911 elementor-widget__width-auto elementor-widget elementor-widget-heading\" data-id=\"59ea911\" data-element_type=\"widget\" data-widget_type=\"heading.default\">\n\t\t\t\t<div class=\"elementor-widget-container\">\n\t\t\t\t\t<div class=\"elementor-heading-title elementor-size-default\"><a href=\"\/en\/concurso-bloom\/\">BLOOM COMPETITION.<\/a><\/div>\t\t\t\t<\/div>\n\t\t\t\t<\/div>\n\t\t\t\t<div class=\"elementor-element elementor-element-f3018c2 elementor-widget__width-auto elementor-widget elementor-widget-heading\" data-id=\"f3018c2\" data-element_type=\"widget\" data-widget_type=\"heading.default\">\n\t\t\t\t<div class=\"elementor-widget-container\">\n\t\t\t\t\t<div class=\"elementor-heading-title elementor-size-default\"><a href=\"https:\/\/portugalfashion.com\/en\/imagine-a-bag-challenge\/\">IMAGINE-A-BAG.<\/a><\/div>\t\t\t\t<\/div>\n\t\t\t\t<\/div>\n\t\t\t\t\t<\/div>\n\t\t<\/div>\n\t\t\t\t\t<\/div>\n\t\t<\/section>\n\t\t\t\t<section class=\"elementor-section elementor-top-section elementor-element elementor-element-f0bffad elementor-section-content-top elementor-section-boxed elementor-section-height-default elementor-section-height-default\" data-id=\"f0bffad\" data-element_type=\"section\">\n\t\t\t\t\t\t<div class=\"elementor-container elementor-column-gap-default\">\n\t\t\t\t\t<div class=\"elementor-column elementor-col-50 elementor-top-column elementor-element elementor-element-ce6ba64 sticky-parent\" data-id=\"ce6ba64\" data-element_type=\"column\">\n\t\t\t<div class=\"elementor-widget-wrap elementor-element-populated\">\n\t\t\t\t\t\t<section class=\"elementor-section elementor-inner-section elementor-element elementor-element-183da64 sticky-column elementor-section-boxed elementor-section-height-default elementor-section-height-default\" data-id=\"183da64\" data-element_type=\"section\">\n\t\t\t\t\t\t<div class=\"elementor-container elementor-column-gap-default\">\n\t\t\t\t\t<div class=\"elementor-column elementor-col-100 elementor-inner-column elementor-element elementor-element-9049a08\" data-id=\"9049a08\" data-element_type=\"column\">\n\t\t\t<div class=\"elementor-widget-wrap elementor-element-populated\">\n\t\t\t\t\t\t<div class=\"elementor-element elementor-element-01792f1 elementor-widget elementor-widget-image\" data-id=\"01792f1\" data-element_type=\"widget\" data-widget_type=\"image.default\">\n\t\t\t\t<div class=\"elementor-widget-container\">\n\t\t\t\t\t\t\t\t\t\t\t\t\t\t\t<img fetchpriority=\"high\" decoding=\"async\" width=\"724\" height=\"1024\" src=\"https:\/\/portugalfashion.com\/wp-content\/uploads\/2023\/03\/PFBLOOM-Challenge_Cartaz_724x10243-724x1024.jpg\" class=\"attachment-large size-large wp-image-16341\" alt=\"\" srcset=\"https:\/\/portugalfashion.com\/wp-content\/uploads\/2023\/03\/PFBLOOM-Challenge_Cartaz_724x10243-724x1024.jpg 724w, https:\/\/portugalfashion.com\/wp-content\/uploads\/2023\/03\/PFBLOOM-Challenge_Cartaz_724x10243-212x300.jpg 212w, https:\/\/portugalfashion.com\/wp-content\/uploads\/2023\/03\/PFBLOOM-Challenge_Cartaz_724x10243-768x1086.jpg 768w, https:\/\/portugalfashion.com\/wp-content\/uploads\/2023\/03\/PFBLOOM-Challenge_Cartaz_724x10243-1086x1536.jpg 1086w, https:\/\/portugalfashion.com\/wp-content\/uploads\/2023\/03\/PFBLOOM-Challenge_Cartaz_724x10243-1448x2048.jpg 1448w, https:\/\/portugalfashion.com\/wp-content\/uploads\/2023\/03\/PFBLOOM-Challenge_Cartaz_724x10243-8x12.jpg 8w, https:\/\/portugalfashion.com\/wp-content\/uploads\/2023\/03\/PFBLOOM-Challenge_Cartaz_724x10243-scaled.jpg 1810w\" sizes=\"(max-width: 724px) 100vw, 724px\" \/>\t\t\t\t\t\t\t\t\t\t\t\t\t\t\t<\/div>\n\t\t\t\t<\/div>\n\t\t\t\t\t<\/div>\n\t\t<\/div>\n\t\t\t\t\t<\/div>\n\t\t<\/section>\n\t\t\t\t\t<\/div>\n\t\t<\/div>\n\t\t\t\t<div class=\"elementor-column elementor-col-50 elementor-top-column elementor-element elementor-element-12aa050\" data-id=\"12aa050\" data-element_type=\"column\">\n\t\t\t<div class=\"elementor-widget-wrap elementor-element-populated\">\n\t\t\t\t\t\t<div class=\"elementor-element elementor-element-5b5a729 font-decor-bold elementor-widget elementor-widget-heading\" data-id=\"5b5a729\" data-element_type=\"widget\" data-widget_type=\"heading.default\">\n\t\t\t\t<div class=\"elementor-widget-container\">\n\t\t\t\t\t<h1 class=\"elementor-heading-title elementor-size-default\">IMAGINE-A-BAG CHALLENGE<\/h1>\t\t\t\t<\/div>\n\t\t\t\t<\/div>\n\t\t\t\t<div class=\"elementor-element elementor-element-7398507 elementor-widget elementor-widget-button\" data-id=\"7398507\" data-element_type=\"widget\" data-widget_type=\"button.default\">\n\t\t\t\t<div class=\"elementor-widget-container\">\n\t\t\t\t\t\t\t\t\t<div class=\"elementor-button-wrapper\">\n\t\t\t\t\t<a class=\"elementor-button elementor-button-link elementor-size-sm\" href=\"https:\/\/portugalfashion.com\/wp-content\/uploads\/2023\/03\/PFBLOOM-Challenge_Regulamento.pdf\" target=\"_blank\">\n\t\t\t\t\t\t<span class=\"elementor-button-content-wrapper\">\n\t\t\t\t\t\t<span class=\"elementor-button-icon\">\n\t\t\t\t<i aria-hidden=\"true\" class=\"far fa-file-pdf\"><\/i>\t\t\t<\/span>\n\t\t\t\t\t\t\t\t\t<span class=\"elementor-button-text\">CONTEST  RULES<\/span>\n\t\t\t\t\t<\/span>\n\t\t\t\t\t<\/a>\n\t\t\t\t<\/div>\n\t\t\t\t\t\t\t\t<\/div>\n\t\t\t\t<\/div>\n\t\t\t\t<div class=\"elementor-element elementor-element-56e808f elementor-widget elementor-widget-text-editor\" data-id=\"56e808f\" data-element_type=\"widget\" data-widget_type=\"text-editor.default\">\n\t\t\t\t<div class=\"elementor-widget-container\">\n\t\t\t\t\t\t\t\t\t<p><span style=\"text-decoration: underline;\"><strong>VENCEDOR:<\/strong><\/span> AREA 8 (S\u00c9RGIO SOUSA)<br \/><span style=\"text-decoration: underline;\"><strong>PR\u00c9MIO INOVA\u00c7\u00c3O (by VIA OUTLETS):<\/strong><\/span>\u00a0ARIEIV (JOS\u00c9 PINTO)<\/p>\t\t\t\t\t\t\t\t<\/div>\n\t\t\t\t<\/div>\n\t\t\t\t<div class=\"elementor-element elementor-element-6e8ff75 elementor-widget elementor-widget-text-editor\" data-id=\"6e8ff75\" data-element_type=\"widget\" data-widget_type=\"text-editor.default\">\n\t\t\t\t<div class=\"elementor-widget-container\">\n\t\t\t\t\t\t\t\t\t<p><strong>IMAGINE-A-BAG CHALLENGE<\/strong><\/p>\n<p><strong>by VILA DO CONDE PORTO FASHION OUTLET<\/strong><br><strong>FREEPORT LISBOA FASHION OUTLET<\/strong><br><strong>x BLOOM PORTUGAL FASHION<\/strong><\/p>\n<p>O <strong>Portugal Fashion<\/strong> aliou-se ao <strong>Vila do Conde Porto Fashion Outlet<\/strong> e ao <strong>Freeport Lisboa Fashion Outlet<\/strong> numa parceria de valor acrescentado para desenvolvimento de um desafio que alia o apoio da moda de autor jovem \u00e0 promo\u00e7\u00e3o do acesso \u00e0 mesma, com aplica\u00e7\u00e3o no quotidiano do consumidor.<\/p>\n<p><strong>Imagine-a-Bag Challenge<\/strong> \u00e9 um concurso inteiramente dedicado a<strong> jovens designers da plataforma BLOOM<\/strong>, para o design de um saco multifun\u00e7\u00f5es, feito a partir de materiais sustent\u00e1veis.<\/p>\n<p><span style=\"font-weight: 400;\">O designer vencedor receber\u00e1 um <strong>pr\u00e9mio de 3 mil euros<\/strong>, para desenvolvimento e acompanhamento da produ\u00e7\u00e3o, e ver\u00e1 o saco \u00e0 venda nos centros de Vila do Conde e de Alcochete, assim como numa loja pop-up do Portugal Fashion (edi\u00e7\u00e3o de outubro).<\/span><\/p>\n<p>O desafio lan\u00e7ado surge com o objetivo de apoiar a <strong>produ\u00e7\u00e3o de um saco vers\u00e1til e destinado \u00e0s mais diversas utiliza\u00e7\u00f5es<\/strong> e, por isso, <strong>sustent\u00e1vel<\/strong>.<span style=\"font-weight: 400;\"> Pretende-se, ainda, aproximar a moda de autor aos centros comerciais e, finalmente, <strong>promover o talento local<\/strong> and <strong>criatividade jovem<\/strong>.<\/span><\/p>\n<p><span style=\"font-weight: 400;\">O concurso <strong>Imagine-a-Bag Challenge<\/strong> pretende reunir candidaturas de jovens designers convidados pela Plataforma Bloom, profissionais que integram a plataforma em formato de desfile e outros que est\u00e3o em colabora\u00e7\u00e3o com o projeto, e que est\u00e3o a trabalhar marcas pr\u00f3prias. A a\u00e7\u00e3o permite ao Portugal Fashion envolver a sua <strong>comunidade de jovens designers<\/strong>, associando ao projeto a irrever\u00eancia, criatividade, juventude e modernidade dos jovens criadores. Uma iniciativa que se insere na <strong>estrat\u00e9gia de responsabilidade social<\/strong> dos centros Vila do Conde Porto Fashion Outlet e Freeport Lisboa Fashion Outlet.<\/span><\/p>\t\t\t\t\t\t\t\t<\/div>\n\t\t\t\t<\/div>\n\t\t\t\t\t<\/div>\n\t\t<\/div>\n\t\t\t\t\t<\/div>\n\t\t<\/section>\n\t\t\t\t<\/div>","protected":false},"excerpt":{"rendered":"<p>SOBRE O BLOOM. BLOOMERS. EDI\u00c7\u00d5ES. CONCURSO BLOOM. IMAGINE-A-BAG. IMAGINE-A-BAG CHALLENGE REGULAMENTO DO CONCURSO VENCEDOR: AREA 8 (S\u00c9RGIO SOUSA)PR\u00c9MIO INOVA\u00c7\u00c3O (by VIA OUTLETS):\u00a0ARIEIV (JOS\u00c9 PINTO) IMAGINE-A-BAG CHALLENGE by VILA DO CONDE PORTO FASHION OUTLETFREEPORT LISBOA FASHION OUTLETx BLOOM PORTUGAL FASHION O Portugal Fashion aliou-se ao Vila do Conde Porto Fashion Outlet e ao Freeport Lisboa Fashion [&hellip;]<\/p>","protected":false},"author":6,"featured_media":0,"parent":0,"menu_order":0,"comment_status":"closed","ping_status":"closed","template":"","meta":{"_acf_changed":false,"_monsterinsights_skip_tracking":false,"_monsterinsights_sitenote_active":false,"_monsterinsights_sitenote_note":"","_monsterinsights_sitenote_category":0,"footnotes":""},"class_list":["post-16331","page","type-page","status-publish","hentry"],"acf":[],"yoast_head":"<!-- This site is optimized with the Yoast SEO plugin v24.2 - https:\/\/yoast.com\/wordpress\/plugins\/seo\/ -->\n<title>Imagine-a-Bag Challenge - Portugal Fashion<\/title>\n<meta name=\"robots\" content=\"index, follow, max-snippet:-1, max-image-preview:large, max-video-preview:-1\" \/>\n<link rel=\"canonical\" href=\"https:\/\/portugalfashion.com\/en\/imagine-a-bag-challenge\/\" \/>\n<meta property=\"og:locale\" content=\"en_GB\" \/>\n<meta property=\"og:type\" content=\"article\" \/>\n<meta property=\"og:title\" content=\"Imagine-a-Bag Challenge - Portugal Fashion\" \/>\n<meta property=\"og:description\" content=\"SOBRE O BLOOM. BLOOMERS. EDI\u00c7\u00d5ES. CONCURSO BLOOM. IMAGINE-A-BAG. IMAGINE-A-BAG CHALLENGE REGULAMENTO DO CONCURSO VENCEDOR: AREA 8 (S\u00c9RGIO SOUSA)PR\u00c9MIO INOVA\u00c7\u00c3O (by VIA OUTLETS):\u00a0ARIEIV (JOS\u00c9 PINTO) IMAGINE-A-BAG CHALLENGE by VILA DO CONDE PORTO FASHION OUTLETFREEPORT LISBOA FASHION OUTLETx BLOOM PORTUGAL FASHION O Portugal Fashion aliou-se ao Vila do Conde Porto Fashion Outlet e ao Freeport Lisboa Fashion [&hellip;]\" \/>\n<meta property=\"og:url\" content=\"https:\/\/portugalfashion.com\/en\/imagine-a-bag-challenge\/\" \/>\n<meta property=\"og:site_name\" content=\"Portugal Fashion\" \/>\n<meta property=\"article:modified_time\" content=\"2023-05-29T14:19:26+00:00\" \/>\n<meta property=\"og:image\" content=\"https:\/\/portugalfashion.com\/wp-content\/uploads\/2021\/09\/bloom-white.png\" \/>\n<meta name=\"twitter:card\" content=\"summary_large_image\" \/>\n<meta name=\"twitter:label1\" content=\"Est. reading time\" \/>\n\t<meta name=\"twitter:data1\" content=\"3 minutes\" \/>\n<script type=\"application\/ld+json\" class=\"yoast-schema-graph\">{\"@context\":\"https:\/\/schema.org\",\"@graph\":[{\"@type\":\"WebPage\",\"@id\":\"https:\/\/portugalfashion.com\/imagine-a-bag-challenge\/\",\"url\":\"https:\/\/portugalfashion.com\/imagine-a-bag-challenge\/\",\"name\":\"Imagine-a-Bag Challenge - Portugal Fashion\",\"isPartOf\":{\"@id\":\"https:\/\/portugalfashion.com\/#website\"},\"primaryImageOfPage\":{\"@id\":\"https:\/\/portugalfashion.com\/imagine-a-bag-challenge\/#primaryimage\"},\"image\":{\"@id\":\"https:\/\/portugalfashion.com\/imagine-a-bag-challenge\/#primaryimage\"},\"thumbnailUrl\":\"https:\/\/portugalfashion.com\/wp-content\/uploads\/2021\/09\/bloom-white.png\",\"datePublished\":\"2023-03-29T11:07:24+00:00\",\"dateModified\":\"2023-05-29T14:19:26+00:00\",\"breadcrumb\":{\"@id\":\"https:\/\/portugalfashion.com\/imagine-a-bag-challenge\/#breadcrumb\"},\"inLanguage\":\"en-GB\",\"potentialAction\":[{\"@type\":\"ReadAction\",\"target\":[\"https:\/\/portugalfashion.com\/imagine-a-bag-challenge\/\"]}]},{\"@type\":\"ImageObject\",\"inLanguage\":\"en-GB\",\"@id\":\"https:\/\/portugalfashion.com\/imagine-a-bag-challenge\/#primaryimage\",\"url\":\"https:\/\/portugalfashion.com\/wp-content\/uploads\/2021\/09\/bloom-white.png\",\"contentUrl\":\"https:\/\/portugalfashion.com\/wp-content\/uploads\/2021\/09\/bloom-white.png\"},{\"@type\":\"BreadcrumbList\",\"@id\":\"https:\/\/portugalfashion.com\/imagine-a-bag-challenge\/#breadcrumb\",\"itemListElement\":[{\"@type\":\"ListItem\",\"position\":1,\"name\":\"Home\",\"item\":\"https:\/\/portugalfashion.com\/\"},{\"@type\":\"ListItem\",\"position\":2,\"name\":\"Imagine-a-Bag Challenge\"}]},{\"@type\":\"WebSite\",\"@id\":\"https:\/\/portugalfashion.com\/#website\",\"url\":\"https:\/\/portugalfashion.com\/\",\"name\":\"Portugal Fashion\",\"description\":\"Moda e Eventos\",\"publisher\":{\"@id\":\"https:\/\/portugalfashion.com\/#organization\"},\"potentialAction\":[{\"@type\":\"SearchAction\",\"target\":{\"@type\":\"EntryPoint\",\"urlTemplate\":\"https:\/\/portugalfashion.com\/?s={search_term_string}\"},\"query-input\":{\"@type\":\"PropertyValueSpecification\",\"valueRequired\":true,\"valueName\":\"search_term_string\"}}],\"inLanguage\":\"en-GB\"},{\"@type\":\"Organization\",\"@id\":\"https:\/\/portugalfashion.com\/#organization\",\"name\":\"Portugal Fashion\",\"url\":\"https:\/\/portugalfashion.com\/\",\"logo\":{\"@type\":\"ImageObject\",\"inLanguage\":\"en-GB\",\"@id\":\"https:\/\/portugalfashion.com\/#\/schema\/logo\/image\/\",\"url\":\"http:\/\/portugalfashion.com\/wp-content\/uploads\/2021\/08\/animated-logo-pf-black.svg\",\"contentUrl\":\"http:\/\/portugalfashion.com\/wp-content\/uploads\/2021\/08\/animated-logo-pf-black.svg\",\"width\":1374,\"height\":670,\"caption\":\"Portugal Fashion\"},\"image\":{\"@id\":\"https:\/\/portugalfashion.com\/#\/schema\/logo\/image\/\"}}]}<\/script>\n<!-- \/ Yoast SEO plugin. -->","yoast_head_json":{"title":"Imagine-a-Bag Challenge - Portugal Fashion","robots":{"index":"index","follow":"follow","max-snippet":"max-snippet:-1","max-image-preview":"max-image-preview:large","max-video-preview":"max-video-preview:-1"},"canonical":"https:\/\/portugalfashion.com\/en\/imagine-a-bag-challenge\/","og_locale":"en_GB","og_type":"article","og_title":"Imagine-a-Bag Challenge - Portugal Fashion","og_description":"SOBRE O BLOOM. BLOOMERS. EDI\u00c7\u00d5ES. CONCURSO BLOOM. IMAGINE-A-BAG. IMAGINE-A-BAG CHALLENGE REGULAMENTO DO CONCURSO VENCEDOR: AREA 8 (S\u00c9RGIO SOUSA)PR\u00c9MIO INOVA\u00c7\u00c3O (by VIA OUTLETS):\u00a0ARIEIV (JOS\u00c9 PINTO) IMAGINE-A-BAG CHALLENGE by VILA DO CONDE PORTO FASHION OUTLETFREEPORT LISBOA FASHION OUTLETx BLOOM PORTUGAL FASHION O Portugal Fashion aliou-se ao Vila do Conde Porto Fashion Outlet e ao Freeport Lisboa Fashion [&hellip;]","og_url":"https:\/\/portugalfashion.com\/en\/imagine-a-bag-challenge\/","og_site_name":"Portugal Fashion","article_modified_time":"2023-05-29T14:19:26+00:00","og_image":[{"url":"https:\/\/portugalfashion.com\/wp-content\/uploads\/2021\/09\/bloom-white.png","type":"","width":"","height":""}],"twitter_card":"summary_large_image","twitter_misc":{"Est. reading time":"3 minutes"},"schema":{"@context":"https:\/\/schema.org","@graph":[{"@type":"WebPage","@id":"https:\/\/portugalfashion.com\/imagine-a-bag-challenge\/","url":"https:\/\/portugalfashion.com\/imagine-a-bag-challenge\/","name":"Imagine-a-Bag Challenge - Portugal Fashion","isPartOf":{"@id":"https:\/\/portugalfashion.com\/#website"},"primaryImageOfPage":{"@id":"https:\/\/portugalfashion.com\/imagine-a-bag-challenge\/#primaryimage"},"image":{"@id":"https:\/\/portugalfashion.com\/imagine-a-bag-challenge\/#primaryimage"},"thumbnailUrl":"https:\/\/portugalfashion.com\/wp-content\/uploads\/2021\/09\/bloom-white.png","datePublished":"2023-03-29T11:07:24+00:00","dateModified":"2023-05-29T14:19:26+00:00","breadcrumb":{"@id":"https:\/\/portugalfashion.com\/imagine-a-bag-challenge\/#breadcrumb"},"inLanguage":"en-GB","potentialAction":[{"@type":"ReadAction","target":["https:\/\/portugalfashion.com\/imagine-a-bag-challenge\/"]}]},{"@type":"ImageObject","inLanguage":"en-GB","@id":"https:\/\/portugalfashion.com\/imagine-a-bag-challenge\/#primaryimage","url":"https:\/\/portugalfashion.com\/wp-content\/uploads\/2021\/09\/bloom-white.png","contentUrl":"https:\/\/portugalfashion.com\/wp-content\/uploads\/2021\/09\/bloom-white.png"},{"@type":"BreadcrumbList","@id":"https:\/\/portugalfashion.com\/imagine-a-bag-challenge\/#breadcrumb","itemListElement":[{"@type":"ListItem","position":1,"name":"Home","item":"https:\/\/portugalfashion.com\/"},{"@type":"ListItem","position":2,"name":"Imagine-a-Bag Challenge"}]},{"@type":"WebSite","@id":"https:\/\/portugalfashion.com\/#website","url":"https:\/\/portugalfashion.com\/","name":"Portugal Fashion","description":"Moda e Eventos","publisher":{"@id":"https:\/\/portugalfashion.com\/#organization"},"potentialAction":[{"@type":"SearchAction","target":{"@type":"EntryPoint","urlTemplate":"https:\/\/portugalfashion.com\/?s={search_term_string}"},"query-input":{"@type":"PropertyValueSpecification","valueRequired":true,"valueName":"search_term_string"}}],"inLanguage":"en-GB"},{"@type":"Organization","@id":"https:\/\/portugalfashion.com\/#organization","name":"Portugal Fashion","url":"https:\/\/portugalfashion.com\/","logo":{"@type":"ImageObject","inLanguage":"en-GB","@id":"https:\/\/portugalfashion.com\/#\/schema\/logo\/image\/","url":"http:\/\/portugalfashion.com\/wp-content\/uploads\/2021\/08\/animated-logo-pf-black.svg","contentUrl":"http:\/\/portugalfashion.com\/wp-content\/uploads\/2021\/08\/animated-logo-pf-black.svg","width":1374,"height":670,"caption":"Portugal Fashion"},"image":{"@id":"https:\/\/portugalfashion.com\/#\/schema\/logo\/image\/"}}]}},"_links":{"self":[{"href":"https:\/\/portugalfashion.com\/en\/wp-json\/wp\/v2\/pages\/16331","targetHints":{"allow":["GET"]}}],"collection":[{"href":"https:\/\/portugalfashion.com\/en\/wp-json\/wp\/v2\/pages"}],"about":[{"href":"https:\/\/portugalfashion.com\/en\/wp-json\/wp\/v2\/types\/page"}],"author":[{"embeddable":true,"href":"https:\/\/portugalfashion.com\/en\/wp-json\/wp\/v2\/users\/6"}],"replies":[{"embeddable":true,"href":"https:\/\/portugalfashion.com\/en\/wp-json\/wp\/v2\/comments?post=16331"}],"version-history":[{"count":59,"href":"https:\/\/portugalfashion.com\/en\/wp-json\/wp\/v2\/pages\/16331\/revisions"}],"predecessor-version":[{"id":16997,"href":"https:\/\/portugalfashion.com\/en\/wp-json\/wp\/v2\/pages\/16331\/revisions\/16997"}],"wp:attachment":[{"href":"https:\/\/portugalfashion.com\/en\/wp-json\/wp\/v2\/media?parent=16331"}],"curies":[{"name":"wp","href":"https:\/\/api.w.org\/{rel}","templated":true}]}}